{"id":493,"date":"2020-03-20T16:54:53","date_gmt":"2020-03-20T15:54:53","guid":{"rendered":"https:\/\/www.foxvolley.it\/?page_id=493"},"modified":"2020-03-20T17:04:49","modified_gmt":"2020-03-20T16:04:49","slug":"griglia-allenamenti","status":"publish","type":"page","link":"https:\/\/www.foxvolley.it\/?page_id=493","title":{"rendered":"Griglia Allenamenti"},"content":{"rendered":"\n<figure class=\"wp-block-table is-style-stripes\"><table class=\"has-subtle-pale-blue-background-color has-background\"><tbody><tr><td>S3\/Minivolley<\/td><td>Marted\u00ec e Gioved\u00ec<\/td><td>dalle<\/td><td>16.15<\/td><td>alle<\/td><td>17.45<\/td><\/tr><tr><td>Under 13\/14 Maschile<\/td><td>Luned\u00ec<\/td><td>dalle<\/td><td>17.00<\/td><td>alle<\/td><td>18.30<\/td><\/tr><tr><td><\/td><td>Mercoled\u00ec<\/td><td>dalle<\/td><td>17.00<\/td><td>alle<\/td><td>19.00<\/td><\/tr><tr><td><\/td><td>Venerd\u00ec<\/td><td>dalle<\/td><td>16.30<\/td><td>alle<\/td><td>19.00<\/td><\/tr><tr><td>Under 16F\/2\u00b0Div.<\/td><td>Marted\u00ec<\/td><td>dalle <\/td><td>18.30<\/td><td>alle <\/td><td>20.30<\/td><\/tr><tr><td><\/td><td>Mercoled\u00ec<\/td><td>dalle<\/td><td>19.00<\/td><td>alle<\/td><td>21.00<\/td><\/tr><tr><td><\/td><td>Venerd\u00ec<\/td><td>dalle <\/td><td>19.00<\/td><td>alle <\/td><td>21.30<\/td><\/tr><tr><td>Amatoriale<\/td><td>Luned\u00ec e Gioved\u00ec<\/td><td>dalle <\/td><td>20.30<\/td><td>alle<\/td><td>22.30<\/td><\/tr><tr><td><\/td><td><\/td><td><\/td><td><\/td><td><\/td><td><\/td><\/tr><tr><td><\/td><td><\/td><td><\/td><td><\/td><td><\/td><td><\/td><\/tr><\/tbody><\/table><\/figure>\n\n\n\n<p><\/p>\n","protected":false},"excerpt":{"rendered":"<p>S3\/Minivolley Marted\u00ec e Gioved\u00ec dalle 16.15 alle 17.45 Under 13\/14 Maschile Luned\u00ec dalle 17.00 alle 18.30 Mercoled\u00ec dalle 17.00 alle 19.00 Venerd\u00ec dalle 16.30 alle 19.00 Under 16F\/2\u00b0Div. Marted\u00ec dalle 18.30 alle 20.30 Mercoled\u00ec dalle 19.00 alle 21.00 Venerd\u00ec dalle 19.00 alle 21.30 Amatoriale Luned\u00ec e Gioved\u00ec dalle 20.30 alle 22.30<\/p>\n","protected":false},"author":2,"featured_media":0,"parent":0,"menu_order":0,"comment_status":"closed","ping_status":"closed","template":"","meta":{"footnotes":""},"class_list":["post-493","page","type-page","status-publish","hentry"],"_links":{"self":[{"href":"https:\/\/www.foxvolley.it\/index.php?rest_route=\/wp\/v2\/pages\/493","targetHints":{"allow":["GET"]}}],"collection":[{"href":"https:\/\/www.foxvolley.it\/index.php?rest_route=\/wp\/v2\/pages"}],"about":[{"href":"https:\/\/www.foxvolley.it\/index.php?rest_route=\/wp\/v2\/types\/page"}],"author":[{"embeddable":true,"href":"https:\/\/www.foxvolley.it\/index.php?rest_route=\/wp\/v2\/users\/2"}],"replies":[{"embeddable":true,"href":"https:\/\/www.foxvolley.it\/index.php?rest_route=%2Fwp%2Fv2%2Fcomments&post=493"}],"version-history":[{"count":3,"href":"https:\/\/www.foxvolley.it\/index.php?rest_route=\/wp\/v2\/pages\/493\/revisions"}],"predecessor-version":[{"id":497,"href":"https:\/\/www.foxvolley.it\/index.php?rest_route=\/wp\/v2\/pages\/493\/revisions\/497"}],"wp:attachment":[{"href":"https:\/\/www.foxvolley.it\/index.php?rest_route=%2Fwp%2Fv2%2Fmedia&parent=493"}],"curies":[{"name":"wp","href":"https:\/\/api.w.org\/{rel}","templated":true}]}}